{"id":52,"date":"2024-03-26T23:14:32","date_gmt":"2024-03-26T22:14:32","guid":{"rendered":"https:\/\/ffw-etsdorf.de\/?page_id=52"},"modified":"2024-09-23T19:57:10","modified_gmt":"2024-09-23T17:57:10","slug":"impressum","status":"publish","type":"page","link":"https:\/\/ffw-etsdorf.de\/?page_id=52","title":{"rendered":"Impressum"},"content":{"rendered":"\n<p><strong>Freiwillige Feuerwehr Etsdorf<\/strong><\/p>\n\n\n\n<p><strong>Vertreten durch die Vorsitzende:<\/strong><br>Frau Julia Viehauser<br>Am Schulberg 17a, 92546 Schmidgaden<br>vorstand@ffw-etsdorf.de<br>Telefonnummer: 0151 70098722<\/p>\n\n\n\n<p><\/p>\n\n\n\n<p><strong>Anschrift Ger\u00e4tehaus:<\/strong><\/p>\n\n\n\n<p><strong>Feuerwehr Etsdorf<\/strong><br>St.-Barbara-Str. 2, 92272 Freudenberg<\/p>\n\n\n\n<p><\/p>\n\n\n\n<p><strong>Dienstherr:<\/strong><\/p>\n\n\n\n<p><strong>Der B\u00fcrgermeister der Gemeinde Freudenberg<\/strong><br>Herr Alwin M\u00e4rkl<br>Hammerm\u00fchle 1, 92272 Freudenberg<\/p>\n\n\n\n<p><\/p>\n\n\n\n<p><\/p>\n\n\n\n<p><\/p>\n\n\n\n<div class=\"wp-block-group has-global-padding is-layout-constrained wp-block-group-is-layout-constrained\">\n<h1 class=\"wp-block-heading\">Disclaimer<\/h1>\n\n\n\n<h2 class=\"wp-block-heading\">Haftungsausschluss:<\/h2>\n\n\n\n<p><strong>Haftung f\u00fcr Inhalte<\/strong><\/p>\n\n\n\n<p>Die Inhalte der Seiten wurden mit gr\u00f6\u00dfter Sorgfalt erstellt. F\u00fcr die Richtigkeit, Vollst\u00e4ndigkeit und Aktualit\u00e4t der Inhalte k\u00f6nnen wir jedoch keine Gew\u00e4hr \u00fcbernehmen. Als Diensteanbieter sind wir gem\u00e4\u00df \u00a7 7 Abs.1 TMG f\u00fcr eigene Inhalte auf diesen Seiten nach den allgemeinen Gesetzen verantwortlich. Wir sind als Diensteanbieter jedoch nicht verpflichtet, \u00fcbermittelte oder gespeicherte fremde Informationen zu \u00fcberwachen oder nach Umst\u00e4nden zu forschen, die auf eine rechtswidrige T\u00e4tigkeit hinweisen. Verpflichtungen zur Entfernung oder Sperrung der Nutzung von Informationen nach den allgemeinen Gesetzen bleiben hiervon unber\u00fchrt. Eine Haftung hierf\u00fcr ist jedoch erst ab dem Zeitpunkt der Kenntnis einer konkreten Rechtsverletzung m\u00f6glich. Bei Bekanntwerden einer entsprechenden Rechtsverletzung werden wir diese Artikel sofort entfernen.<\/p>\n\n\n\n<p><strong>Haftung f\u00fcr Links<\/strong><\/p>\n\n\n\n<p>Die Webseite enth\u00e4lt Links zu externen Seiten Dritter, auf deren Inhalte wir keinen Einfluss haben. Deshalb k\u00f6nnen wir f\u00fcr diese externen Inhalte auch keine Gew\u00e4hr \u00fcbernehmen. F\u00fcr die Inhalte dieser Seiten ist der jeweilige Anbieter oder Betreiber dieser Seiten verantwortlich. Die verlinkten Seiten wurden zum Zeitpunkt der Verlinkung auf m\u00f6gliche Rechtsverst\u00f6\u00dfe \u00fcberpr\u00fcft. Rechtswidrige Inhalte waren zu diesem Zeitpunkt nicht erkennbar. Bei Bekanntwerden von Rechtsverletzungen werden wir diese Verweise entfernen.<\/p>\n\n\n\n<p><strong>Urheberrecht<\/strong><\/p>\n\n\n\n<p>Die durch die Seitenbetreiber erstellten Inhalte und Werke auf diesen Seiten unterliegen dem deutschen Urheberrecht. Die Vervielf\u00e4ltigung, Bearbeitung, Verbreitung und jede Art der Verwertung au\u00dferhalb der Grenzen des Urheberrechtes bed\u00fcrfen der schriftlichen Zustimmung des jeweiligen Autors bzw. Erstellers. Downloads und Kopien dieser Seite sind nur f\u00fcr den privaten, nicht kommerziellen Gebrauch gestattet. Soweit die Inhalte auf dieser Seite nicht vom Betreiber erstellt wurden, werden die Urheberrechte Dritter beachtet. Insbesondere werden Inhalte Dritter als solche gekennzeichnet. Sollten Sie trotzdem auf eine Urheberrechtsverletzung aufmerksam werden, bitten wir um einen entsprechenden Hinweis. Bei Bekanntwerden von Rechtsverletzungen werden wir diese Inhalte sofort entfernen.<\/p>\n\n\n\n<p><strong>Datenschutz<\/strong><\/p>\n\n\n\n<p>Die Nutzung dieser Webseite ist in der Regel ohne Angabe personenbezogener Daten m\u00f6glich. Soweit auf den Seiten personenbezogene Daten (beispielsweise Name, Anschrift oder eMail-Adressen) erhoben werden, erfolgt dies, soweit m\u00f6glich, stets auf freiwilliger Basis. Diese Daten werden ohne Ihre ausdr\u00fcckliche Zustimmung nicht an Dritte weitergegeben.<\/p>\n\n\n\n<p>Ich weise darauf hin, dass die Daten\u00fcbertragung im Internet (z.B. bei der Kommunikation per E-Mail) Sicherheitsl\u00fccken aufweisen kann. Ein l\u00fcckenloser Schutz der Daten vor dem Zugriff durch Dritte ist nicht m\u00f6glich.<\/p>\n\n\n\n<p>Der Nutzung von im Rahmen der Impressumspflicht ver\u00f6ffentlichten Kontaktdaten durch Dritte zur \u00dcbersendung von nicht ausdr\u00fccklich angeforderter Werbung und Informationsmaterialien wird hiermit ausdr\u00fccklich widersprochen. Die Betreiber der Seiten behalten sich ausdr\u00fccklich rechtliche Schritte im Falle der unangeforderten Versendung von Werbeinformationen, etwa durch Spam-Mails, vor.<\/p>\n<\/div>\n","protected":false},"excerpt":{"rendered":"<p>Freiwillige Feuerwehr Etsdorf Vertreten durch die Vorsitzende:Frau Julia ViehauserAm Schulberg 17a, 92546 Schmidgadenvorstand@ffw-etsdorf.deTelefonnummer: 0151 70098722 Anschrift Ger\u00e4tehaus: Feuerwehr EtsdorfSt.-Barbara-Str. 2, 92272 Freudenberg Dienstherr: Der B\u00fcrgermeister der Gemeinde FreudenbergHerr Alwin M\u00e4rklHammerm\u00fchle 1, 92272 Freudenberg Disclaimer Haftungsausschluss: Haftung f\u00fcr Inhalte Die Inhalte der Seiten wurden mit gr\u00f6\u00dfter Sorgfalt erstellt. F\u00fcr die Richtigkeit, Vollst\u00e4ndigkeit und Aktualit\u00e4t der Inhalte [&hellip;]<\/p>\n","protected":false},"author":2,"featured_media":0,"parent":0,"menu_order":0,"comment_status":"closed","ping_status":"closed","template":"","meta":{"footnotes":""},"class_list":["post-52","page","type-page","status-publish","hentry"],"jetpack_sharing_enabled":true,"_links":{"self":[{"href":"https:\/\/ffw-etsdorf.de\/index.php?rest_route=\/wp\/v2\/pages\/52","targetHints":{"allow":["GET"]}}],"collection":[{"href":"https:\/\/ffw-etsdorf.de\/index.php?rest_route=\/wp\/v2\/pages"}],"about":[{"href":"https:\/\/ffw-etsdorf.de\/index.php?rest_route=\/wp\/v2\/types\/page"}],"author":[{"embeddable":true,"href":"https:\/\/ffw-etsdorf.de\/index.php?rest_route=\/wp\/v2\/users\/2"}],"replies":[{"embeddable":true,"href":"https:\/\/ffw-etsdorf.de\/index.php?rest_route=%2Fwp%2Fv2%2Fcomments&post=52"}],"version-history":[{"count":5,"href":"https:\/\/ffw-etsdorf.de\/index.php?rest_route=\/wp\/v2\/pages\/52\/revisions"}],"predecessor-version":[{"id":204,"href":"https:\/\/ffw-etsdorf.de\/index.php?rest_route=\/wp\/v2\/pages\/52\/revisions\/204"}],"wp:attachment":[{"href":"https:\/\/ffw-etsdorf.de\/index.php?rest_route=%2Fwp%2Fv2%2Fmedia&parent=52"}],"curies":[{"name":"wp","href":"https:\/\/api.w.org\/{rel}","templated":true}]}}